{"id":16784,"date":"2023-10-19T18:24:31","date_gmt":"2023-10-19T18:24:31","guid":{"rendered":"https:\/\/ysplastics.ca\/moulage\/"},"modified":"2023-10-26T14:01:12","modified_gmt":"2023-10-26T14:01:12","slug":"moulage","status":"publish","type":"page","link":"https:\/\/ysplastics.ca\/fr\/moulage\/","title":{"rendered":"Moulage"},"content":{"rendered":"\t\t<div data-elementor-type=\"wp-page\" data-elementor-id=\"16784\" class=\"elementor elementor-16784 elementor-15593\" data-elementor-post-type=\"page\">\n\t\t\t\t<div class=\"elementor-element elementor-element-238cf3d wd-section-stretch e-flex e-con-boxed e-con e-parent\" data-id=\"238cf3d\" data-element_type=\"container\" data-e-type=\"container\">\n\t\t\t\t\t<div class=\"e-con-inner\">\n\t\t<div class=\"elementor-element elementor-element-b5e8434 e-con-full e-flex wd-section-disabled e-con e-child\" data-id=\"b5e8434\" data-element_type=\"container\" data-e-type=\"container\">\n\t\t\t\t<div class=\"elementor-element elementor-element-eb63ac9 elementor-widget elementor-widget-wd_title\" data-id=\"eb63ac9\" data-element_type=\"widget\" data-e-type=\"widget\" data-widget_type=\"wd_title.default\">\n\t\t\t\t<div class=\"elementor-widget-container\">\n\t\t\t\t\t\t\t<div class=\"title-wrapper set-mb-s reset-last-child wd-title-color-default wd-title-style-default wd-title-size-default text-left\">\n\n\t\t\t\t\t\t\t<div class=\"title-subtitle subtitle-color-default subtitle-style-default wd-fontsize-xs\">\n\t\t\t\t\tBienvenue dans nos services de moulage !\t\t\t\t<\/div>\n\t\t\t\n\t\t\t<div class=\"liner-continer\">\n\t\t\t\t<h4 class=\"woodmart-title-container title wd-fontsize-l\">Fabriquer des produits en plastique uniques sans effort<br \/>\n<\/h4> \n\t\t\t\t\t\t\t<\/div>\n\n\t\t\t\t\t\t\t<div class=\"title-after_title set-cont-mb-s reset-last-child wd-fontsize-xs\">\n\t\t\t\t\tChez YSPackaging, nous sommes fiers de vous offrir une gamme vari\u00e9e d'options pour transformer vos id\u00e9es en produits plastiques tangibles. Nous savons que chaque projet est unique et c'est pourquoi nous sommes l\u00e0 pour vous guider tout au long du processus de moulage.\t\t\t\t<\/div>\n\t\t\t\t\t<\/div>\n\t\t\t\t\t\t<\/div>\n\t\t\t\t<\/div>\n\t\t\t\t<div class=\"elementor-element elementor-element-eb6f0a1 elementor-widget elementor-widget-wd_title\" data-id=\"eb6f0a1\" data-element_type=\"widget\" data-e-type=\"widget\" data-widget_type=\"wd_title.default\">\n\t\t\t\t<div class=\"elementor-widget-container\">\n\t\t\t\t\t\t\t<div class=\"title-wrapper set-mb-s reset-last-child wd-title-color-default wd-title-style-default wd-title-size-small text-left\">\n\n\t\t\t\n\t\t\t<div class=\"liner-continer\">\n\t\t\t\t<h4 class=\"woodmart-title-container title wd-fontsize-m\">Votre vision, notre expertise<\/h4> \n\t\t\t\t\t\t\t<\/div>\n\n\t\t\t\t\t\t\t<div class=\"title-after_title set-cont-mb-s reset-last-child wd-fontsize-xs\">\n\t\t\t\t\tDonner vie \u00e0 votre vision n'a jamais \u00e9t\u00e9 aussi simple. Qu'il s'agisse d'un concept simple ou d'une conception plus complexe, nous sommes \u00e9quip\u00e9s pour en faire une r\u00e9alit\u00e9. Notre \u00e9quipe de professionnels qualifi\u00e9s se consacre \u00e0 trouver les meilleures solutions de moulage pour votre produit, quelle qu'en soit l'ampleur ou la complexit\u00e9.\t\t\t\t<\/div>\n\t\t\t\t\t<\/div>\n\t\t\t\t\t\t<\/div>\n\t\t\t\t<\/div>\n\t\t\t\t<div class=\"elementor-element elementor-element-8712263 elementor-widget elementor-widget-wd_title\" data-id=\"8712263\" data-element_type=\"widget\" data-e-type=\"widget\" data-widget_type=\"wd_title.default\">\n\t\t\t\t<div class=\"elementor-widget-container\">\n\t\t\t\t\t\t\t<div class=\"title-wrapper set-mb-s reset-last-child wd-title-color-default wd-title-style-default wd-title-size-small text-left\">\n\n\t\t\t\n\t\t\t<div class=\"liner-continer\">\n\t\t\t\t<h4 class=\"woodmart-title-container title wd-fontsize-m\">Ce que nous offrons<\/h4> \n\t\t\t\t\t\t\t<\/div>\n\n\t\t\t\t\t\t\t<div class=\"title-after_title set-cont-mb-s reset-last-child wd-fontsize-xs\">\n\t\t\t\t\t<p><strong>Polyvalence :<\/strong> Nous sommes sp\u00e9cialis\u00e9s dans un large \u00e9ventail de techniques de moulage, ce qui garantit que votre produit est fabriqu\u00e9 \u00e0 l'aide de la m\u00e9thode la plus appropri\u00e9e.<\/p><p><strong>Personnalisation :<\/strong> Votre produit est aussi unique que votre vision. Nous proposons des solutions sur mesure pour r\u00e9pondre \u00e0 vos besoins sp\u00e9cifiques.<\/p><p><strong>Des conseils professionnels :<\/strong> Vous ne savez pas quelle m\u00e9thode de moulage convient le mieux \u00e0 votre projet ? Nous sommes l\u00e0 pour vous aider \u00e0 choisir la meilleure approche.<\/p><p><strong>Assurance qualit\u00e9 :<\/strong> Soyez rassur\u00e9 en sachant que nos normes rigoureuses de contr\u00f4le de la qualit\u00e9 garantissent des r\u00e9sultats de la plus haute qualit\u00e9.<\/p><p><strong>Efficacit\u00e9 :<\/strong> Nous rationalisons le processus de moulage pour vous faire gagner du temps et des ressources, sans compromettre la qualit\u00e9.<\/p>\t\t\t\t<\/div>\n\t\t\t\t\t<\/div>\n\t\t\t\t\t\t<\/div>\n\t\t\t\t<\/div>\n\t\t\t\t<div class=\"elementor-element elementor-element-91a68b1 elementor-widget elementor-widget-wd_button\" data-id=\"91a68b1\" data-element_type=\"widget\" data-e-type=\"widget\" data-widget_type=\"wd_button.default\">\n\t\t\t\t<div class=\"elementor-widget-container\">\n\t\t\t\t\t\t\t<div class=\"wd-button-wrapper text-left\" >\n\t\t\t<a class=\"btn btn-style-default btn-style-rectangle btn-size-default btn-color-primary btn-icon-pos-right\"  href=\"https:\/\/ysplastics.ca\/fr\/contactez-nous\/\">\n\t\t\t\t<span class=\"wd-btn-text\" data-elementor-setting-key=\"text\">\n\t\t\t\t\tContactez nous\t\t\t\t<\/span>\n\n\t\t\t\t\t\t\t<\/a>\n\t\t<\/div>\n\t\t\t\t\t\t<\/div>\n\t\t\t\t<\/div>\n\t\t\t\t<\/div>\n\t\t<div class=\"elementor-element elementor-element-bf39f85 e-con-full e-flex wd-section-disabled e-con e-child\" data-id=\"bf39f85\" data-element_type=\"container\" data-e-type=\"container\">\n\t\t\t\t<div class=\"elementor-element elementor-element-66988ed elementor-widget elementor-widget-wd_image_or_svg\" data-id=\"66988ed\" data-element_type=\"widget\" data-e-type=\"widget\" data-widget_type=\"wd_image_or_svg.default\">\n\t\t\t\t<div class=\"elementor-widget-container\">\n\t\t\t\t\t\n\t\t<div class=\"wd-image text-left\">\n\t\t\t\t\t\t\t\t<img fetchpriority=\"high\" decoding=\"async\" width=\"450\" height=\"300\" src=\"https:\/\/ysplastics.ca\/wp-content\/uploads\/2023\/10\/plastic-injection-molds-450x300.webp\" class=\"attachment-450x300 size-450x300\" alt=\"\" \/>\t\t\t\t\t<\/div>\n\n\t\t\t\t\t\t<\/div>\n\t\t\t\t<\/div>\n\t\t\t\t<div class=\"elementor-element elementor-element-750d91b elementor-widget elementor-widget-wd_image_or_svg\" data-id=\"750d91b\" data-element_type=\"widget\" data-e-type=\"widget\" data-widget_type=\"wd_image_or_svg.default\">\n\t\t\t\t<div class=\"elementor-widget-container\">\n\t\t\t\t\t\n\t\t<div class=\"wd-image text-left\">\n\t\t\t\t\t\t\t\t<img decoding=\"async\" width=\"450\" height=\"300\" src=\"https:\/\/ysplastics.ca\/wp-content\/uploads\/2023\/10\/Dollarphotoclub-scaled-450x300.jpg\" class=\"attachment-450x300 size-450x300\" alt=\"\" srcset=\"https:\/\/ysplastics.ca\/wp-content\/uploads\/2023\/10\/Dollarphotoclub-scaled-450x300.jpg 450w, https:\/\/ysplastics.ca\/wp-content\/uploads\/2023\/10\/Dollarphotoclub-400x267.jpg 400w, https:\/\/ysplastics.ca\/wp-content\/uploads\/2023\/10\/Dollarphotoclub-1200x800.jpg 1200w, https:\/\/ysplastics.ca\/wp-content\/uploads\/2023\/10\/Dollarphotoclub-768x512.jpg 768w, https:\/\/ysplastics.ca\/wp-content\/uploads\/2023\/10\/Dollarphotoclub-1536x1024.jpg 1536w, https:\/\/ysplastics.ca\/wp-content\/uploads\/2023\/10\/Dollarphotoclub-2048x1366.jpg 2048w, https:\/\/ysplastics.ca\/wp-content\/uploads\/2023\/10\/Dollarphotoclub-860x573.jpg 860w, https:\/\/ysplastics.ca\/wp-content\/uploads\/2023\/10\/Dollarphotoclub-430x287.jpg 430w, https:\/\/ysplastics.ca\/wp-content\/uploads\/2023\/10\/Dollarphotoclub-700x467.jpg 700w, https:\/\/ysplastics.ca\/wp-content\/uploads\/2023\/10\/Dollarphotoclub-150x100.jpg 150w\" sizes=\"(max-width: 450px) 100vw, 450px\" \/>\t\t\t\t\t<\/div>\n\n\t\t\t\t\t\t<\/div>\n\t\t\t\t<\/div>\n\t\t\t\t<\/div>\n\t\t\t\t\t<\/div>\n\t\t\t\t<\/div>\n\t\t\t\t<\/div>\n\t\t","protected":false},"excerpt":{"rendered":"<p>Bienvenue dans nos services de moulage ! Fabriquer des produits en plastique uniques sans effort Chez YSPackaging, nous sommes fiers<\/p>\n","protected":false},"author":1,"featured_media":0,"parent":0,"menu_order":0,"comment_status":"closed","ping_status":"closed","template":"","meta":{"footnotes":""},"class_list":["post-16784","page","type-page","status-publish","hentry"],"_links":{"self":[{"href":"https:\/\/ysplastics.ca\/fr\/wp-json\/wp\/v2\/pages\/16784","targetHints":{"allow":["GET"]}}],"collection":[{"href":"https:\/\/ysplastics.ca\/fr\/wp-json\/wp\/v2\/pages"}],"about":[{"href":"https:\/\/ysplastics.ca\/fr\/wp-json\/wp\/v2\/types\/page"}],"author":[{"embeddable":true,"href":"https:\/\/ysplastics.ca\/fr\/wp-json\/wp\/v2\/users\/1"}],"replies":[{"embeddable":true,"href":"https:\/\/ysplastics.ca\/fr\/wp-json\/wp\/v2\/comments?post=16784"}],"version-history":[{"count":18,"href":"https:\/\/ysplastics.ca\/fr\/wp-json\/wp\/v2\/pages\/16784\/revisions"}],"predecessor-version":[{"id":17059,"href":"https:\/\/ysplastics.ca\/fr\/wp-json\/wp\/v2\/pages\/16784\/revisions\/17059"}],"wp:attachment":[{"href":"https:\/\/ysplastics.ca\/fr\/wp-json\/wp\/v2\/media?parent=16784"}],"curies":[{"name":"wp","href":"https:\/\/api.w.org\/{rel}","templated":true}]}}